{"id":821,"date":"2021-11-18T22:57:46","date_gmt":"2021-11-18T22:57:46","guid":{"rendered":"https:\/\/sti.hn\/wp2\/?post_type=product&#038;p=821"},"modified":"2021-11-18T22:57:46","modified_gmt":"2021-11-18T22:57:46","slug":"maquina-enfardadora-ms-90-al","status":"publish","type":"product","link":"https:\/\/sti.hn\/wp2\/producto\/maquina-enfardadora-ms-90-al\/","title":{"rendered":"M\u00c1QUINA ENFARDADORA MS 90 AL"},"content":{"rendered":"<h4 class=\"h4\">CARACTER\u00cdSTICAS T\u00c9CNICAS<\/h4>\n<div class=\"table-area\">\n<div class=\"table-holder exp3\">\n<table style=\"height: 436px;\" width=\"741\">\n<tbody>\n<tr>\n<td class=\"col1\">Alimentaci\u00f3n el\u00e9ctrica<\/td>\n<td class=\"col2\">V<\/td>\n<td class=\"col2\">220\/400<\/td>\n<\/tr>\n<tr class=\"even\">\n<td class=\"col1\">Fase<\/td>\n<td class=\"col2\">ph<\/td>\n<td class=\"col2\">3<\/td>\n<\/tr>\n<tr>\n<td class=\"col1\">Potencia el\u00e9ctrica<\/td>\n<td class=\"col2\">kW<\/td>\n<td class=\"col2\">27<\/td>\n<\/tr>\n<tr class=\"even\">\n<td class=\"col1\">Consumo el\u00e9ctrico<\/td>\n<td class=\"col2\">kWh<\/td>\n<td class=\"col2\">14<\/td>\n<\/tr>\n<tr>\n<td class=\"col1\">Presi\u00f3n de aire<\/td>\n<td class=\"col2\">bar<\/td>\n<td class=\"col2\">6<\/td>\n<\/tr>\n<tr class=\"even\">\n<td class=\"col1\">Consumo de aire por ciclo<\/td>\n<td class=\"col2\">nl<\/td>\n<td class=\"col2\">10<\/td>\n<\/tr>\n<tr>\n<td class=\"col1\">Producci\u00f3n horaria<\/td>\n<td class=\"col2\">p\/h (pph)<\/td>\n<td class=\"col2\">Hasta 10 ppm<\/td>\n<\/tr>\n<tr class=\"even\">\n<td class=\"col1\">Barras selladoras<\/td>\n<td class=\"col2\">mm<\/td>\n<td class=\"col2\">900<\/td>\n<\/tr>\n<tr>\n<td class=\"col1\">Altura M\u00c1X. producto<\/td>\n<td class=\"col2\">mm<\/td>\n<td class=\"col2\">380 (modificable bajo petici\u00f3n)<\/td>\n<\/tr>\n<tr class=\"even\">\n<td class=\"col1\">Dimensiones M\u00c1X. Bobina<\/td>\n<td class=\"col2\">mm<\/td>\n<td class=\"col2\">\u00d8 350&#215;880<\/td>\n<\/tr>\n<tr>\n<td class=\"col1\">Altura plano de trabajo<\/td>\n<td class=\"col2\">mm<\/td>\n<td class=\"col2\">Est\u00e1ndar 850+25<\/td>\n<\/tr>\n<tr class=\"even\">\n<td class=\"col1\">Dimensiones m\u00e1quina<\/td>\n<td class=\"col2\">mm<\/td>\n<td class=\"col2\">3900x1500x h.1980<\/td>\n<\/tr>\n<tr>\n<td class=\"col1\">Dimensiones entrada t\u00fanel<\/td>\n<td class=\"col2\">mm<\/td>\n<td class=\"col2\">800x h.400<\/td>\n<\/tr>\n<tr class=\"even\">\n<td class=\"col1\">Longitud de la c\u00e1mara t\u00fanel<\/td>\n<td class=\"col2\">mm<\/td>\n<td class=\"col2\">1500<\/td>\n<\/tr>\n<tr>\n<td class=\"col1\">Peso m\u00e1quina<\/td>\n<td class=\"col2\">kg<\/td>\n<td class=\"col2\">1250<\/td>\n<\/tr>\n<\/tbody>\n<\/table>\n<\/div>\n<\/div>\n","protected":false},"excerpt":{"rendered":"<p class=\"h5\">M\u00c1QUINA ENFARDADORA AUTOM\u00c1TICA CON DOBLE CINTA MOTORIZADA &#8211; T\u00daNEL INCORPORADO &#8211; BARRA SELLADORA 900 MM<\/p>\n<p>semiautom\u00e1tica o autom\u00e1tica con cinta motorizada antes y despu\u00e9s de la barra selladora<\/p>\n<div class=\"page-text\">\n<p>Los modelos de la gama MS L y AL representan la mejor soluci\u00f3n para quien tiene que integrar la m\u00e1quina en l\u00edneas de producci\u00f3n, porque est\u00e1n preparados para la gesti\u00f3n autom\u00e1tica de las se\u00f1ales de intercambio en entrada y en salida de la l\u00ednea.<\/p>\n<p>Las enfardadoras MS L y AL empaquetan productos individuales o m\u00faltiples con film en polietileno, pueden empaquetar productos largos hasta 1500 mm y gracias al selector de mando el operador puede decidir si trabajar en autom\u00e1tico o en semiautom\u00e1tico.<\/p>\n<\/div>\n","protected":false},"featured_media":822,"template":"","meta":{"neve_meta_sidebar":"","neve_meta_container":"","neve_meta_enable_content_width":"off","neve_meta_content_width":100,"neve_meta_title_alignment":"","neve_meta_author_avatar":"","neve_post_elements_order":"","neve_meta_disable_header":"","neve_meta_disable_footer":"","neve_meta_disable_title":""},"class_list":["post-821","product","type-product","status-publish","has-post-thumbnail","hentry","product_cat-maquinas-enfardadoras"],"_links":{"self":[{"href":"https:\/\/sti.hn\/wp2\/wp-json\/wp\/v2\/product\/821","targetHints":{"allow":["GET"]}}],"collection":[{"href":"https:\/\/sti.hn\/wp2\/wp-json\/wp\/v2\/product"}],"about":[{"href":"https:\/\/sti.hn\/wp2\/wp-json\/wp\/v2\/types\/product"}],"version-history":[{"count":1,"href":"https:\/\/sti.hn\/wp2\/wp-json\/wp\/v2\/product\/821\/revisions"}],"predecessor-version":[{"id":826,"href":"https:\/\/sti.hn\/wp2\/wp-json\/wp\/v2\/product\/821\/revisions\/826"}],"wp:featuredmedia":[{"embeddable":true,"href":"https:\/\/sti.hn\/wp2\/wp-json\/wp\/v2\/media\/822"}],"wp:attachment":[{"href":"https:\/\/sti.hn\/wp2\/wp-json\/wp\/v2\/media?parent=821"}],"curies":[{"name":"wp","href":"https:\/\/api.w.org\/{rel}","templated":true}]}}