{"id":827,"date":"2021-11-18T23:13:00","date_gmt":"2021-11-18T23:13:00","guid":{"rendered":"https:\/\/sti.hn\/wp2\/?post_type=product&#038;p=827"},"modified":"2021-11-18T23:13:00","modified_gmt":"2021-11-18T23:13:00","slug":"maquina-enfardadora-ms-50-1","status":"publish","type":"product","link":"https:\/\/sti.hn\/wp2\/producto\/maquina-enfardadora-ms-50-1\/","title":{"rendered":"M\u00c1QUINA ENFARDADORA MS 50 &#8211; 1"},"content":{"rendered":"<h4 class=\"h4\">CARACTER\u00cdSTICAS T\u00c9CNICAS<\/h4>\n<div class=\"table-area\">\n<div class=\"table-holder exp3\">\n<table style=\"height: 462px;\" width=\"737\">\n<tbody>\n<tr>\n<td class=\"col1\">Alimentaci\u00f3n el\u00e9ctrica<\/td>\n<td class=\"col2\">V<\/td>\n<td class=\"col2\">220\/400<\/td>\n<\/tr>\n<tr class=\"even\">\n<td class=\"col1\">Fase<\/td>\n<td class=\"col2\">ph<\/td>\n<td class=\"col2\">3<\/td>\n<\/tr>\n<tr>\n<td class=\"col1\">Potencia el\u00e9ctrica<\/td>\n<td class=\"col2\">kW<\/td>\n<td class=\"col2\">10<\/td>\n<\/tr>\n<tr class=\"even\">\n<td class=\"col1\">Consumo el\u00e9ctrico<\/td>\n<td class=\"col2\">kWh<\/td>\n<td class=\"col2\">6<\/td>\n<\/tr>\n<tr>\n<td class=\"col1\">Presi\u00f3n de aire<\/td>\n<td class=\"col2\">bar<\/td>\n<td class=\"col2\">6<\/td>\n<\/tr>\n<tr class=\"even\">\n<td class=\"col1\">Consumo de aire por ciclo<\/td>\n<td class=\"col2\">nl<\/td>\n<td class=\"col2\">14<\/td>\n<\/tr>\n<tr>\n<td class=\"col1\">Producci\u00f3n horaria<\/td>\n<td class=\"col2\">p\/h (pph)<\/td>\n<td class=\"col2\">Hasta 10 ppm<\/td>\n<\/tr>\n<tr class=\"even\">\n<td class=\"col1\">Barra selladora<\/td>\n<td class=\"col2\">mm<\/td>\n<td class=\"col2\">500<\/td>\n<\/tr>\n<tr>\n<td class=\"col1\">Altura M\u00c1X. del producto<\/td>\n<td class=\"col2\">mm<\/td>\n<td class=\"col2\">230<\/td>\n<\/tr>\n<tr class=\"even\">\n<td class=\"col1\">Dimensiones M\u00c1X. Bobina<\/td>\n<td class=\"col2\">mm<\/td>\n<td class=\"col2\">\u00d8 300&#215;480<\/td>\n<\/tr>\n<tr>\n<td class=\"col1\">Altura de la superficie de trabajo<\/td>\n<td class=\"col2\">mm<\/td>\n<td class=\"col2\">Est\u00e1ndar 850+25<\/td>\n<\/tr>\n<tr class=\"even\">\n<td class=\"col1\">Dimensiones de la m\u00e1quina<\/td>\n<td class=\"col2\">mm<\/td>\n<td class=\"col2\">2530x1200x h.1670<\/td>\n<\/tr>\n<tr>\n<td class=\"col1\">Dimensiones entrada t\u00fanel<\/td>\n<td class=\"col2\">mm<\/td>\n<td class=\"col2\">400x h.250<\/td>\n<\/tr>\n<tr class=\"even\">\n<td class=\"col1\">Longitud de la c\u00e1mara t\u00fanel<\/td>\n<td class=\"col2\">mm<\/td>\n<td class=\"col2\">1100<\/td>\n<\/tr>\n<tr>\n<td class=\"col1\">Peso de la m\u00e1quina<\/td>\n<td class=\"col2\">kg<\/td>\n<td class=\"col2\">750<\/td>\n<\/tr>\n<\/tbody>\n<\/table>\n<\/div>\n<\/div>\n","protected":false},"excerpt":{"rendered":"<p class=\"h5\">M\u00c1QUINA ENFARDADORA AUTOM\u00c1TICA CON CINTA DE CARGA A 90\u00b0 DE 1 CARRIL Y EMPUJADOR NEUM\u00c1TICO<\/p>\n<p>con barra selladora de 500 mm<\/p>\n<div class=\"page-text\">\n<p>Las enfardadoras MS 50 &#8211; 1 son adecuadas para envasar diferentes productos de peque\u00f1as y medianas dimensiones (latas, botellas de agua, productos enlatados, etc.) con una pel\u00edcula de pl\u00e1stico termorretr\u00e1ctil de hoja plana. Gracias a la\u00a0<strong>cinta de carga a 90\u00b0<\/strong>, la m\u00e1quina permite\u00a0<strong>agrupar los productos<\/strong>\u00a0y facilitar su enfardado.<\/p>\n<p>El modelo MS 50 &#8211; 1 realiza hasta 10 bultos por minuto.<\/p>\n<p><strong>CARACTER\u00cdSTICAS PRINCIPALES<\/strong><\/p>\n<ul>\n<li>Cinta de alimentaci\u00f3n colocada a 90\u00b0<\/li>\n<li>Empujador neum\u00e1tico con preensamblaje de varias filas<\/li>\n<li>Barra de sellado con cuchilla de corte de pel\u00edcula (sin humo durante la fase de sellado)<\/li>\n<li>Altura del plano de trabajo: 850 +\/-25 mm<\/li>\n<li>Fotoc\u00e9lula de seguridad que bloquea la barra selladora si encuentra un obst\u00e1culo<\/li>\n<li>Apertura de paso debajo de la barra selladora 230 mil\u00edmetros<\/li>\n<li>Sistema de enrollamiento autom\u00e1tico de las bobinas de pel\u00edcula con rodillos de arrastre<\/li>\n<li>Bobinas de pel\u00edcula termorretr\u00e1ctil de 300 mm de di\u00e1metro m\u00e1x. &#8211; espesores de 35 a 100 micrones<\/li>\n<li>El control de la temperatura de la barra selladora y del t\u00fanel se realiza con termorreguladores<\/li>\n<li>T\u00fanel de termorretracci\u00f3n aislado con lana de roca y calentado por resistencias Ventilaci\u00f3n forzada con recirculaci\u00f3n del aire<\/li>\n<li>T\u00fanel de termorretracci\u00f3n Long. 1100 mm con sistema de recirculaci\u00f3n del aire<\/li>\n<li>Cinta transportadora dentro del t\u00fanel de termorretracci\u00f3n, accionada por motorreductor de velocidad regulable con rejilla de acero en forma de malla fina y cadenas laterales<\/li>\n<li>Interruptor para cambiar el ciclo de autom\u00e1tico y manual<\/li>\n<li>Potencia instalada 10\u00a0kW<\/li>\n<li>El consumo medio de energ\u00eda el\u00e9ctrica se reduce alrededor del 40\u00a0% durante el funcionamiento normal<\/li>\n<li>Consumo de aire 140 nl\/min<\/li>\n<li>Componentes neum\u00e1ticos que funcionan con aire no lubricado en seco<\/li>\n<li>Alimentaci\u00f3n: Opci\u00f3n entre 3 fases 220\u00a0V y 400\u00a0V 3 fases + N + T<\/li>\n<li>M\u00e1quinas compatibles con la Directiva M\u00e1quinas 2006\/42\/CE<\/li>\n<\/ul>\n<\/div>\n","protected":false},"featured_media":828,"template":"","meta":{"neve_meta_sidebar":"","neve_meta_container":"","neve_meta_enable_content_width":"off","neve_meta_content_width":100,"neve_meta_title_alignment":"","neve_meta_author_avatar":"","neve_post_elements_order":"","neve_meta_disable_header":"","neve_meta_disable_footer":"","neve_meta_disable_title":""},"class_list":["post-827","product","type-product","status-publish","has-post-thumbnail","hentry","product_cat-maquinas-enfardadoras"],"_links":{"self":[{"href":"https:\/\/sti.hn\/wp2\/wp-json\/wp\/v2\/product\/827","targetHints":{"allow":["GET"]}}],"collection":[{"href":"https:\/\/sti.hn\/wp2\/wp-json\/wp\/v2\/product"}],"about":[{"href":"https:\/\/sti.hn\/wp2\/wp-json\/wp\/v2\/types\/product"}],"version-history":[{"count":1,"href":"https:\/\/sti.hn\/wp2\/wp-json\/wp\/v2\/product\/827\/revisions"}],"predecessor-version":[{"id":829,"href":"https:\/\/sti.hn\/wp2\/wp-json\/wp\/v2\/product\/827\/revisions\/829"}],"wp:featuredmedia":[{"embeddable":true,"href":"https:\/\/sti.hn\/wp2\/wp-json\/wp\/v2\/media\/828"}],"wp:attachment":[{"href":"https:\/\/sti.hn\/wp2\/wp-json\/wp\/v2\/media?parent=827"}],"curies":[{"name":"wp","href":"https:\/\/api.w.org\/{rel}","templated":true}]}}