{"id":832,"date":"2021-11-18T23:37:07","date_gmt":"2021-11-18T23:37:07","guid":{"rendered":"https:\/\/sti.hn\/wp2\/?post_type=product&#038;p=832"},"modified":"2022-04-17T16:06:06","modified_gmt":"2022-04-17T16:06:06","slug":"miniflow-400-2","status":"publish","type":"product","link":"https:\/\/sti.hn\/wp2\/producto\/miniflow-400-2\/","title":{"rendered":"MINIFLOW 400"},"content":{"rendered":"<p><strong>CARACTER\u00cdSTICAS:<\/strong><\/p>\n<ul>\n<li>F\u00e1cil de inspeccionar, para mantenimiento y limpieza del grupo de arrastre<\/li>\n<li>PLC user friendly touch screen &#8211; 7&#8243;<\/li>\n<li>Eje expansible neum\u00e0tico para soporte de pel\u00eccula<\/li>\n<li>3 motores Brushless<\/li>\n<li>Fotoc\u00e9lula de centrado de pel\u00edcula impresa<\/li>\n<li>2 pares de rodillos de remolque<\/li>\n<li>C\u00e1rter de seguridad con sistemas de detenci\u00f3n en caso de apertura<\/li>\n<li>M\u00f3dulos de gesti\u00f3n y seguridad con certificado CE<\/li>\n<li>Cinta de salida del producto motorizada con gu\u00eda central<\/li>\n<li>Botones de emergencia con interrupci\u00f3n inmediata del ciclo de trabajo<\/li>\n<li>Planos de rodillos magn\u00e9ticos inspeccionables<\/li>\n<li>Planos de desplazamiento en acero AISI 304 conforme a las normativas CE<\/li>\n<li>Cajones recogemigas en el plano de alimentaci\u00f3n<\/li>\n<li>Colectores giratorios con cepillos integrados<\/li>\n<li>Copia de seguridad de par\u00e1metros y recetas mediante puerto USB<\/li>\n<li>Movimiento mec\u00e1nico por correas para reducci\u00f3n de los juegos<\/li>\n<li>Conexi\u00f3n en red para asistencia a trav\u00e9s de cable LAN y VNC L<\/li>\n<\/ul>\n<h4 class=\"h4\">CARACTER\u00cdSTICAS T\u00c9CNICAS<\/h4>\n<div class=\"table-area\">\n<div class=\"table-holder exp3\">\n<table style=\"height: 450px;\" width=\"770\">\n<tbody>\n<tr>\n<td class=\"col1\">Alimentaci\u00f3n el\u00e9ctrica<\/td>\n<td class=\"col2\">V<\/td>\n<td class=\"col2\">220<\/td>\n<\/tr>\n<tr class=\"even\">\n<td class=\"col1\">Alimentaci\u00f3n neumatico<\/td>\n<td class=\"col2\">Bar<\/td>\n<td class=\"col2\">6<\/td>\n<\/tr>\n<tr>\n<td class=\"col1\">Fase<\/td>\n<td class=\"col2\">ph<\/td>\n<td class=\"col2\">1<\/td>\n<\/tr>\n<tr class=\"even\">\n<td class=\"col1\">Potencia el\u00e9ctrica<\/td>\n<td class=\"col2\">kW<\/td>\n<td class=\"col2\">2,5<\/td>\n<\/tr>\n<tr>\n<td class=\"col1\">Consumo el\u00e9ctrico<\/td>\n<td class=\"col2\">kWh<\/td>\n<td class=\"col2\">2,3<\/td>\n<\/tr>\n<tr class=\"even\">\n<td class=\"col1\">Producci\u00f3n horaria<\/td>\n<td class=\"col2\">p\/h (pph)<\/td>\n<td class=\"col2\">Hasta 6.000<\/td>\n<\/tr>\n<tr>\n<td class=\"col1\">Barra selladora<\/td>\n<td class=\"col2\">mm<\/td>\n<td class=\"col2\">190<\/td>\n<\/tr>\n<tr class=\"even\">\n<td class=\"col1\">Peso M\u00c1X. del producto<\/td>\n<td class=\"col2\">g<\/td>\n<td class=\"col2\">500<\/td>\n<\/tr>\n<tr>\n<td class=\"col1\">Altura M\u00c1X. del producto<\/td>\n<td class=\"col2\">mm<\/td>\n<td class=\"col2\">75<\/td>\n<\/tr>\n<tr class=\"even\">\n<td class=\"col1\">Longitud M\u00c1X. del producto<\/td>\n<td class=\"col2\">mm<\/td>\n<td class=\"col2\">500<\/td>\n<\/tr>\n<tr>\n<td class=\"col1\">Dimensi\u00f3n M\u00c1X. Di\u00e1metro de la bobina<\/td>\n<td class=\"col2\">mm<\/td>\n<td class=\"col2\">350<\/td>\n<\/tr>\n<tr class=\"even\">\n<td class=\"col1\">Dimensiones M\u00c1X. de la banda de la bobina<\/td>\n<td class=\"col2\">mm<\/td>\n<td class=\"col2\">420<\/td>\n<\/tr>\n<tr>\n<td class=\"col1\">Altura de la superficie de trabajo<\/td>\n<td class=\"col2\">mm<\/td>\n<td class=\"col2\">800\/950<\/td>\n<\/tr>\n<tr class=\"even\">\n<td class=\"col1\">Dimensiones de la m\u00e1quina<\/td>\n<td class=\"col2\">mm<\/td>\n<td class=\"col2\">2400x800x h 1800<\/td>\n<\/tr>\n<tr>\n<td class=\"col1\">Peso de la m\u00e1quina<\/td>\n<td class=\"col2\">V<\/td>\n<td class=\"col2\">220<\/td>\n<\/tr>\n<\/tbody>\n<\/table>\n<\/div>\n<\/div>\n","protected":false},"excerpt":{"rendered":"<p class=\"h5\">ENVASADORA FLOW-PACK<\/p>\n<p>Ideal para reposter\u00eda, productos farmac\u00e9uticos y diversos objetos.<\/p>\n<div class=\"page-text\">\n<p>Gracias a los\u00a0<strong>3 motores Brushless<\/strong>\u00a0de alto rendimiento y a su\u00a0<strong>panel de pantalla t\u00e1ctil de 7\u201d<\/strong>, le garantizar\u00e1 la m\u00e1xima versatilidad en los cambios de formato y, por tanto, una gran simplicidad en las operaciones de envasado.<\/p>\n<p>Puede envasar productos de banda de\u00a0<strong>180 mm m\u00e1x<\/strong>., y puede llegar a\u00a0<strong>100 paquetes por minuto.<\/strong><br \/>\nCon una excelente relaci\u00f3n calidad\/precio, esta envasadora es un aglomerado de calidad y tecnolog\u00eda y garantiza una gran fiabilidad.<\/p>\n<p>Esta m\u00e1quina es adecuada para el envasado de: Bollos, pasteles, productos farmac\u00e9uticos, caramelos, bombones, chocolate, objetos varios y mucho m\u00e1s.<\/p>\n<p>La envasadora Miniflow 400\u00a0puede equiparse con innumerables accesorios.<\/p>\n<\/div>\n","protected":false},"featured_media":831,"template":"","meta":{"neve_meta_sidebar":"","neve_meta_container":"","neve_meta_enable_content_width":"off","neve_meta_content_width":100,"neve_meta_title_alignment":"","neve_meta_author_avatar":"","neve_post_elements_order":"","neve_meta_disable_header":"","neve_meta_disable_footer":"","neve_meta_disable_title":""},"class_list":["post-832","product","type-product","status-publish","has-post-thumbnail","hentry","product_cat-flowpack","product_cat-panificacion"],"_links":{"self":[{"href":"https:\/\/sti.hn\/wp2\/wp-json\/wp\/v2\/product\/832","targetHints":{"allow":["GET"]}}],"collection":[{"href":"https:\/\/sti.hn\/wp2\/wp-json\/wp\/v2\/product"}],"about":[{"href":"https:\/\/sti.hn\/wp2\/wp-json\/wp\/v2\/types\/product"}],"version-history":[{"count":1,"href":"https:\/\/sti.hn\/wp2\/wp-json\/wp\/v2\/product\/832\/revisions"}],"predecessor-version":[{"id":833,"href":"https:\/\/sti.hn\/wp2\/wp-json\/wp\/v2\/product\/832\/revisions\/833"}],"wp:featuredmedia":[{"embeddable":true,"href":"https:\/\/sti.hn\/wp2\/wp-json\/wp\/v2\/media\/831"}],"wp:attachment":[{"href":"https:\/\/sti.hn\/wp2\/wp-json\/wp\/v2\/media?parent=832"}],"curies":[{"name":"wp","href":"https:\/\/api.w.org\/{rel}","templated":true}]}}