{"id":834,"date":"2021-11-18T23:53:04","date_gmt":"2021-11-18T23:53:04","guid":{"rendered":"https:\/\/sti.hn\/wp2\/?post_type=product&#038;p=834"},"modified":"2024-09-29T18:11:43","modified_gmt":"2024-09-29T18:11:43","slug":"miniflow-600-2","status":"publish","type":"product","link":"https:\/\/sti.hn\/wp2\/producto\/miniflow-600-2\/","title":{"rendered":"MINIFLOW 600"},"content":{"rendered":"<p><strong>CARACTER\u00cdSTICAS:<\/strong><\/p>\n<ul>\n<li>F\u00e1cil de inspeccionar, para mantenimiento y limpieza del grupo de arrastre<\/li>\n<li>PLC user friendly touch screen &#8211; 7&#8243;<\/li>\n<li>Eje expansible neum\u00e1tico para soporte de pel\u00edcula<\/li>\n<li>3 motores Brushless<\/li>\n<li>Fotoc\u00e9lula de centrado de pel\u00edcula impresa<\/li>\n<li>Centrado de impresi\u00f3n y producto mediante pantalla t\u00e1ctil<\/li>\n<li>Rodillos de arrastre con apertura neum\u00e1tica integrada<\/li>\n<li>C\u00e1rter de seguridad con sistemas de detenci\u00f3n en caso de apertura<\/li>\n<li>M\u00f3dulos de gesti\u00f3n y seguridad con certificado CE<\/li>\n<li>Cinta de salida del producto motorizada con gu\u00eda central<\/li>\n<li>Botones de emergencia con interrupci\u00f3n inmediata del ciclo de trabajo<\/li>\n<li>Planos de rodillos magn\u00e9ticos inspeccionables<\/li>\n<li>Planos de desplazamiento en acero AISI 304 conforme a las normativas CE<\/li>\n<li>Cajones recogemigas en el plano de alimentaci\u00f3n<\/li>\n<li>Colectores giratorios con cepillos integrados<\/li>\n<li>Copia de seguridad de par\u00e1metros y recetas mediante puerto USB<\/li>\n<li>Movimiento mec\u00e1nico por correas para reducci\u00f3n de los juegos<\/li>\n<li>Conexi\u00f3n en red para asistencia a trav\u00e9s de cable LAN y VNC L<\/li>\n<\/ul>\n<h4 class=\"h4\">CARACTER\u00cdSTICAS T\u00c9CNICAS<\/h4>\n<div class=\"table-area\">\n<div class=\"table-holder exp3\">\n<table style=\"height: 415px;\" width=\"767\">\n<tbody>\n<tr>\n<td class=\"col1\">Alimentaci\u00f3n el\u00e9ctrica<\/td>\n<td class=\"col2\">V<\/td>\n<td class=\"col2\">220<\/td>\n<\/tr>\n<tr class=\"even\">\n<td class=\"col1\">Alimentaci\u00f3n neumatico<\/td>\n<td class=\"col2\">Bar<\/td>\n<td class=\"col2\">6<\/td>\n<\/tr>\n<tr>\n<td class=\"col1\">Potencia el\u00e9ctrica<\/td>\n<td class=\"col2\">KW<\/td>\n<td class=\"col2\">3,5<\/td>\n<\/tr>\n<tr class=\"even\">\n<td class=\"col1\">Consumo el\u00e9ctrico<\/td>\n<td class=\"col2\">KW<\/td>\n<td class=\"col2\">3,5<\/td>\n<\/tr>\n<tr>\n<td class=\"col1\">Producci\u00f3n horaria<\/td>\n<td class=\"col2\">p\/h (pph)<\/td>\n<td class=\"col2\">0-7200<\/td>\n<\/tr>\n<tr class=\"even\">\n<td class=\"col1\">Barra selladora<\/td>\n<td class=\"col2\">mm<\/td>\n<td class=\"col2\">300<\/td>\n<\/tr>\n<tr>\n<td class=\"col1\">Peso M\u00c1X. del producto<\/td>\n<td class=\"col2\">gr<\/td>\n<td class=\"col2\">1500<\/td>\n<\/tr>\n<tr class=\"even\">\n<td class=\"col1\">Altura M\u00c1X. del producto<\/td>\n<td class=\"col2\">mm<\/td>\n<td class=\"col2\">110<\/td>\n<\/tr>\n<tr>\n<td class=\"col1\">Longitud M\u00c1X. del producto<\/td>\n<td class=\"col2\">mm<\/td>\n<td class=\"col2\">650<\/td>\n<\/tr>\n<tr class=\"even\">\n<td class=\"col1\">Dimensi\u00f3n M\u00c1X. Di\u00e1metro de la bobina<\/td>\n<td class=\"col2\">mm<\/td>\n<td class=\"col2\">350<\/td>\n<\/tr>\n<tr>\n<td class=\"col1\">Dimensiones M\u00c1X. de la banda de la bobina<\/td>\n<td class=\"col2\">mm<\/td>\n<td class=\"col2\">600<\/td>\n<\/tr>\n<tr class=\"even\">\n<td class=\"col1\">Altura de la superficie de trabajo<\/td>\n<td class=\"col2\">mm<\/td>\n<td class=\"col2\">950<\/td>\n<\/tr>\n<tr>\n<td class=\"col1\">Dimensiones de la m\u00e1quina<\/td>\n<td class=\"col2\">mm<\/td>\n<td class=\"col2\">3300 x 1150 x h1750<\/td>\n<\/tr>\n<tr class=\"even\">\n<td class=\"col1\">Peso de la m\u00e1quina<\/td>\n<td class=\"col2\">kg<\/td>\n<td class=\"col2\">700<\/td>\n<\/tr>\n<\/tbody>\n<\/table>\n<p>&nbsp;<\/p>\n<\/div>\n<table style=\"text-align: left; width: 100px;\" border=\"1\" cellspacing=\"2\" cellpadding=\"2\">\n<tbody>\n<tr>\n<td><span style=\"color: #000000; font-family: Raleway,sans-serif; font-size: 15px; font-style: normal; font-weight: 500; letter-spacing: normal; orphans: 2; text-align: start; text-indent: 0px; text-transform: none; widows: 2; word-spacing: 0px; white-space: normal; background-color: #f7bb77; display: inline ! important; float: none;\">Alimentaci\u00f3n<br \/>\nel\u00e9ctrica<\/span><\/td>\n<td><span style=\"color: #333333; font-family: Raleway,sans-serif; font-size: 15px; font-style: normal; font-weight: 400; letter-spacing: normal; orphans: 2; text-align: start; text-indent: 0px; text-transform: none; widows: 2; word-spacing: 0px; white-space: normal; background-color: #dddddd; display: inline ! important; float: none;\">V<\/span><\/td>\n<td><span style=\"color: #333333; font-family: Raleway,sans-serif; font-size: 15px; font-style: normal; font-weight: 400; letter-spacing: normal; orphans: 2; text-align: start; text-indent: 0px; text-transform: none; widows: 2; word-spacing: 0px; white-space: normal; background-color: #dddddd; display: inline ! important; float: none;\">220<\/span><\/td>\n<\/tr>\n<tr>\n<td><span style=\"color: #000000; font-family: Raleway,sans-serif; font-size: 15px; font-style: normal; font-weight: 500; letter-spacing: normal; orphans: 2; text-align: start; text-indent: 0px; text-transform: none; widows: 2; word-spacing: 0px; white-space: normal; background-color: #f7c68e; display: inline ! important; float: none;\">Alimentaci\u00f3n<br \/>\nneumatico<\/span><\/td>\n<td><span style=\"color: #333333; font-family: Raleway,sans-serif; font-size: 15px; font-style: normal; font-weight: 400; letter-spacing: normal; orphans: 2; text-align: start; text-indent: 0px; text-transform: none; widows: 2; word-spacing: 0px; white-space: normal; background-color: #efefef; display: inline ! important; float: none;\">Bar<\/span><\/td>\n<td><span style=\"color: #333333; font-family: Raleway,sans-serif; font-size: 15px; font-style: normal; font-weight: 400; letter-spacing: normal; orphans: 2; text-align: start; text-indent: 0px; text-transform: none; widows: 2; word-spacing: 0px; white-space: normal; background-color: #efefef; display: inline ! important; float: none;\">6<\/span><\/td>\n<\/tr>\n<tr>\n<td><\/td>\n<td><\/td>\n<td><\/td>\n<\/tr>\n<tr>\n<td><\/td>\n<td><\/td>\n<td><\/td>\n<\/tr>\n<\/tbody>\n<\/table>\n<p>&nbsp;<\/p>\n<\/div>\n","protected":false},"excerpt":{"rendered":"<p class=\"h5\">ENVASADORA FLOWPACK<\/p>\n<p>Ideal para reposter\u00eda, productos farmac\u00e9uticos y diversos objetos.<\/p>\n<div class=\"page-text\">\n<p>Una m\u00e1quina empaquetadora eficaz, vers\u00e1til, tecnol\u00f3gicamente avanzada, dirigida a las empresas que buscan un producto de alta calidad para optimizar los procesos de empaquetado con un gran nivel de rendimiento productivo.<\/p>\n<p>Dise\u00f1ada para simplificar al m\u00e1ximo las operaciones de mantenimiento y limpieza por parte del cliente. Gracias a los\u00a0<strong>3 motores Brushless<\/strong>\u00a0altamente eficaces y a su panel\u00a0<strong>con pantalla t\u00e1ctil de 7\u201d<\/strong>, se garantiza la<strong>\u00a0m\u00e1xima versatilidad en los cambios de formato\u00a0<\/strong>y, por tanto, una extrema facilidad en las tareas de empaquetado.<\/p>\n<p>Puede empaquetar productos con una banda m\u00e1xima de<strong>\u00a0600 mm,\u00a0<\/strong>y puede alcanzar los\u00a0<strong>120 empaquetados al minuto.<\/strong><\/p>\n<p>Con una \u00f3ptima relaci\u00f3n calidad\/precio, esta empaquetadora es una combinaci\u00f3n de calidad y tecnolog\u00eda que garantiza una elevada fiabilidad.<\/p>\n<p>Se trata de una m\u00e1quina apta para el empaquetado de numerosos productos, tanto alimenticios como de otro tipo: boller\u00eda, dulces, productos farmac\u00e9uticos, caramelos, bombones, chocolate, objetos varios y mucho m\u00e1s.<\/p>\n<\/div>\n","protected":false},"featured_media":837,"template":"","meta":{"neve_meta_sidebar":"","neve_meta_container":"","neve_meta_enable_content_width":"off","neve_meta_content_width":100,"neve_meta_title_alignment":"","neve_meta_author_avatar":"","neve_post_elements_order":"","neve_meta_disable_header":"","neve_meta_disable_footer":"","neve_meta_disable_title":""},"class_list":["post-834","product","type-product","status-publish","has-post-thumbnail","hentry","product_cat-flowpack","product_cat-panificacion"],"_links":{"self":[{"href":"https:\/\/sti.hn\/wp2\/wp-json\/wp\/v2\/product\/834","targetHints":{"allow":["GET"]}}],"collection":[{"href":"https:\/\/sti.hn\/wp2\/wp-json\/wp\/v2\/product"}],"about":[{"href":"https:\/\/sti.hn\/wp2\/wp-json\/wp\/v2\/types\/product"}],"version-history":[{"count":4,"href":"https:\/\/sti.hn\/wp2\/wp-json\/wp\/v2\/product\/834\/revisions"}],"predecessor-version":[{"id":2144,"href":"https:\/\/sti.hn\/wp2\/wp-json\/wp\/v2\/product\/834\/revisions\/2144"}],"wp:featuredmedia":[{"embeddable":true,"href":"https:\/\/sti.hn\/wp2\/wp-json\/wp\/v2\/media\/837"}],"wp:attachment":[{"href":"https:\/\/sti.hn\/wp2\/wp-json\/wp\/v2\/media?parent=834"}],"curies":[{"name":"wp","href":"https:\/\/api.w.org\/{rel}","templated":true}]}}