{"id":877,"date":"2021-11-19T11:56:57","date_gmt":"2021-11-19T11:56:57","guid":{"rendered":"https:\/\/sti.hn\/wp2\/?post_type=product&#038;p=877"},"modified":"2021-12-23T00:27:01","modified_gmt":"2021-12-23T00:27:01","slug":"modelo-tm-20-y-tm-40-maquina-tumbler-de-vacio","status":"publish","type":"product","link":"https:\/\/sti.hn\/wp2\/producto\/modelo-tm-20-y-tm-40-maquina-tumbler-de-vacio\/","title":{"rendered":"MODELO TM-20 Y TM-40 M\u00c1QUINA TUMBLER DE VAC\u00cdO"},"content":{"rendered":"<p><strong>Especificaciones:<\/strong><\/p>\n<p>&nbsp;<\/p>\n<p><strong>TM-20:<\/strong><\/p>\n<table border=\"1\" style=\"height: 387px; background: #F2F2F2;\">\n<tbody>\n<tr>\n<td width=\"363\">Capacidad<\/td>\n<td width=\"613\">20 libras \/ 9 kg<\/td>\n<\/tr>\n<tr>\n<td width=\"363\">Capacidad de la bomba de vac\u00edo<\/td>\n<td width=\"613\">2.4m3 \/ h (bomba seca)<\/td>\n<\/tr>\n<tr>\n<td width=\"363\">voltaje<\/td>\n<td width=\"613\">110V \/ 1PH \/ 60HZ \/ 4.4A<\/td>\n<\/tr>\n<tr>\n<td width=\"363\">Peso de la m\u00e1quina<\/td>\n<td width=\"613\">66 libras \/ 30 kg<\/td>\n<\/tr>\n<tr>\n<td width=\"363\"><\/td>\n<td width=\"613\"><\/td>\n<\/tr>\n<tr>\n<td width=\"363\">Tama\u00f1o de la m\u00e1quina &#8211; L x W x H<\/td>\n<td width=\"613\">21 \u00abx 23\u00bb x 19 \u00ab(520 x 580 x 480 mm)<\/td>\n<\/tr>\n<tr>\n<td width=\"363\"><strong>TM-40:<\/strong><\/td>\n<td width=\"613\"><\/td>\n<\/tr>\n<tr>\n<td width=\"363\">Capacidad<\/td>\n<td width=\"613\">40 libras \/ 18 kg<\/td>\n<\/tr>\n<tr>\n<td width=\"363\">Capacidad de la bomba de vac\u00edo<\/td>\n<td width=\"613\">2.4m3 \/ h (bomba seca)<\/td>\n<\/tr>\n<tr>\n<td width=\"363\">voltaje<\/td>\n<td width=\"613\">110V \/ 1PH \/ 60HZ \/ 4.4A<\/td>\n<\/tr>\n<tr>\n<td width=\"363\">Peso de la m\u00e1quina<\/td>\n<td width=\"613\">77 libras \/ 35 kg<\/td>\n<\/tr>\n<tr>\n<td width=\"363\">Tama\u00f1o de la m\u00e1quina &#8211; L x W x H<\/td>\n<td width=\"613\">21 \u00abx 25\u00bb x 20 \u00ab(520 x 645 x 510 mm)<\/td>\n<\/tr>\n<\/tbody>\n<\/table>\n<p>&nbsp;<\/p>\n","protected":false},"excerpt":{"rendered":"<p><strong>Caracter\u00edsticas est\u00e1ndar:<\/strong><strong>\u00a0<\/strong><\/p>\n<ul>\n<li>Construcci\u00f3n de acero inoxidable<\/li>\n<li>Bomba de vac\u00edo BUSCH<\/li>\n<li>Velocidad variable<\/li>\n<li>Vac\u00edo continuo<\/li>\n<li>120V \/ 1PH \/ 60HZ<\/li>\n<\/ul>\n<p><b>Opciones:<\/b><\/p>\n<ul>\n<li aria-level=\"1\"><span style=\"font-weight: 400;\">Voltaje: 220V \/ 1PH \/ 60HZ<\/span><\/li>\n<\/ul>\n<p><strong>DESCRIPCI\u00d3N<\/strong><\/p>\n<p><strong>La serie <\/strong>de<strong> Tumbler <\/strong>de<strong> vac\u00edo <\/strong>de<strong> sobre mesa de Promarks <\/strong>consta de modelos compactos de<strong> 20 <\/strong>y<strong> 40 <\/strong>libras que son ideales para restaurantes, peque\u00f1as operaciones de carne e instalaciones de prueba. No te dejes enga\u00f1ar por su peque\u00f1o tama\u00f1o; Con un marco de <strong>acero inoxidable<\/strong> y <strong>una tapa de<\/strong> <strong>plexigl\u00e1s extra gruesa<\/strong>, estos vasos no son juguetes. Est\u00e1n dise\u00f1ados para durar y brindarle el servicio eficiente que usted exige.<\/p>\n<p>Con nuestro sistema de accionamiento <strong>\u00abEasy Mesh\u00bb<\/strong>, el tambor se puede quitar r\u00e1pidamente de la base para una carga y limpieza convenientes. Las aletas giratorias desmontables junto con la superficie interna altamente pulida hacen que el proceso de limpieza sea r\u00e1pido y efectivo. Las caracter\u00edsticas est\u00e1ndar incluyen un <strong>medidor de vac\u00edo anal\u00f3gico<\/strong>, <strong>separador de trampa de l\u00edquido<\/strong>, <strong>junta desmontable de una pieza<\/strong> y <strong>bomba de<\/strong> <strong>vac\u00edo <\/strong>incorporada.<\/p>\n<p>El variador de velocidad permite al operador ajustar la velocidad del tambor para obtener resultados \u00f3ptimos. Con nuestra exclusiva v\u00e1lvula de vac\u00edo pivotante ubicada en la tapa, no hay necesidad de desconectar la manguera de vac\u00edo antes de girar. El objetivo al dise\u00f1ar nuestra serie de sobre mesa era incorporar tantas caracter\u00edsticas que normalmente solo se ven en Tumbler de vac\u00edo m\u00e1s grandes.<\/p>\n<p><strong>\u00a1La operaci\u00f3n es simple!<\/strong><strong>\u00a0<\/strong><\/p>\n<ul>\n<li><strong>Paso 1: <\/strong>Cargue su producto y l\u00edquido en el tambor.<\/li>\n<li><strong>Paso 2: <\/strong>apriete la tapa.<\/li>\n<li><strong>Paso 3: <\/strong>Conecte la manguera y encienda el vac\u00edo.<\/li>\n<li><strong>Paso 4: <\/strong>Ajuste el temporizador al tiempo de tumbleado deseado.<\/li>\n<li><strong>Paso 5: <\/strong>Una vez que se alcanza el nivel de vac\u00edo deseado, apague el interruptor de vac\u00edo y cierre la v\u00e1lvula en la tapa (no es necesario quitar la manguera de vac\u00edo).<\/li>\n<li><strong>Paso 6: <\/strong>Encienda el motor de volteo y ajuste la velocidad de rotaci\u00f3n.<\/li>\n<li><strong>Paso 7: <\/strong>dejar operar solo hasta que se complete el ciclo.<\/li>\n<\/ul>\n","protected":false},"featured_media":878,"template":"","meta":{"neve_meta_sidebar":"","neve_meta_container":"","neve_meta_enable_content_width":"off","neve_meta_content_width":100,"neve_meta_title_alignment":"","neve_meta_author_avatar":"","neve_post_elements_order":"","neve_meta_disable_header":"","neve_meta_disable_footer":"","neve_meta_disable_title":""},"class_list":["post-877","product","type-product","status-publish","has-post-thumbnail","hentry","product_cat-masajeado"],"_links":{"self":[{"href":"https:\/\/sti.hn\/wp2\/wp-json\/wp\/v2\/product\/877","targetHints":{"allow":["GET"]}}],"collection":[{"href":"https:\/\/sti.hn\/wp2\/wp-json\/wp\/v2\/product"}],"about":[{"href":"https:\/\/sti.hn\/wp2\/wp-json\/wp\/v2\/types\/product"}],"version-history":[{"count":2,"href":"https:\/\/sti.hn\/wp2\/wp-json\/wp\/v2\/product\/877\/revisions"}],"predecessor-version":[{"id":1101,"href":"https:\/\/sti.hn\/wp2\/wp-json\/wp\/v2\/product\/877\/revisions\/1101"}],"wp:featuredmedia":[{"embeddable":true,"href":"https:\/\/sti.hn\/wp2\/wp-json\/wp\/v2\/media\/878"}],"wp:attachment":[{"href":"https:\/\/sti.hn\/wp2\/wp-json\/wp\/v2\/media?parent=877"}],"curies":[{"name":"wp","href":"https:\/\/api.w.org\/{rel}","templated":true}]}}